{"id":2,"date":"2009-02-02T16:56:20","date_gmt":"2009-02-02T15:56:20","guid":{"rendered":"http:\/\/www.ojm-diffusion.com\/blog\/?page_id=2"},"modified":"2021-04-30T21:51:29","modified_gmt":"2021-04-30T20:51:29","slug":"a-propos","status":"publish","type":"page","link":"http:\/\/www.ojm-diffusion.com\/blog\/","title":{"rendered":"Toutes les actualit\u00e9s des goodies et des objets personnalis\u00e9s"},"content":{"rendered":"<div class=\"entry\">\n<p>Le <strong>blog du cadeau publicitaire<\/strong> vous permet de suivre l\u2019actualit\u00e9 des <strong>objets publicitaires<\/strong>, les nouvelles tendances, les nouveaux <strong>articles promotionnels<\/strong>.\u00a0Vous trouverez \u00e9galement toutes les informations indispensables concernant les <a href=\"https:\/\/www.ojm-diffusion.com\/blog\/category\/techniques-de-marquage\/\"><strong>techniques de marquage<\/strong><\/a> et le choix de l\u2019objet publicitaire en fonction de l&rsquo;<a href=\"https:\/\/www.ojm-diffusion.com\/blog\/quest-ce-que-la-serigraphie\/\">impression<\/a> et du type d\u2019op\u00e9rations marketing.<\/p>\n<p>Sur le <strong>blog du cadeau publicitaire<\/strong>, vous pourrez vous familiariser avec les toutes <a href=\"https:\/\/www.ojm-diffusion.com\/blog\/category\/actualites\/\">derni\u00e8res tendances<\/a>, les <a href=\"https:\/\/www.ojm-diffusion.com\/blog\/des-objets-publicitaires-pour-la-saint-patrick\/\">nouveaut\u00e9s<\/a>. En effet, nous sommes constamment \u00e0 la recherche de nouveau produits, nouvelles techniques de marquage et <a href=\"https:\/\/www.ojm-diffusion.com\/blog\/category\/les-coups-de-coeur\/\">nouveaux concepts<\/a> afin de vous pr\u00e9senter des <a href=\"https:\/\/www.ojm-diffusion.com\/blog\/gobi-nouveau-mug-ecologique\/\">objets avant-gardistes<\/a> et vous permettre ainsi de proposer des <a href=\"https:\/\/www.ojm-diffusion.com\/blog\/category\/secteurs-dactivite\/\">produits originaux<\/a> d\u00e9fiant toute concurrence \u00e0 vos collaborateurs, clients ou partenaires !<\/p>\n<p>Le<strong> blog du cadeau publicitaire<\/strong> a \u00e9t\u00e9 cr\u00e9\u00e9 dans le but de vous familiariser avec les produits mais surtout les <strong>techniques de marquage<\/strong>. Il vous permet d&rsquo;interagir avec nous de fa\u00e7on constructive et de suivre l&rsquo;\u00e9volution de la <a href=\"https:\/\/www.ojm-diffusion.com\/blog\/distribuez-des-t-shirts-publicitaires-pour-la-journee-de-la-femme\/\">communication par l&rsquo;objet en direct<\/a>.<\/p>\n<\/div>\n<p>Notre soci\u00e9t\u00e9, <a href=\"https:\/\/www.ojm-diffusion.com\/\" target=\"_self\">OJM diffusion<\/a> existe depuis 1991. Elle se compose de 5 personnes, toutes sp\u00e9cialistes du <strong>cadeau d&rsquo;affaire<\/strong> et des <strong>techniques de marquages<\/strong> afin de mieux vous aider et g\u00e9rer votre projet de A \u00e0 Z. Votre satisfaction est notre premi\u00e8re pr\u00e9occupation. N&rsquo;h\u00e9sitez donc surtout pas \u00e0 communiquer vos souhaits et vos projets. Nos atouts sont la r\u00e9activit\u00e9, la rapidit\u00e9 et les tarifs d\u00e9fiant toute concurrence lors de l&rsquo;importation de certains produits. Nous poss\u00e9dons une s\u00e9rie d&rsquo;articles directement import\u00e9s depuis l&rsquo;Asie ou l&rsquo;Inde afin de vous proposer le tarif le plus bas du march\u00e9 !<\/p>\n<p>Les articles sont utiles avant le choix de votre produit, en particulier avant de commander des <a href=\"https:\/\/www.ojm-diffusion.com\/blog\/sorecop-et-deee\/\">goodies multim\u00e9dia<\/a>.<\/p>\n<div class=\"entry\">\n<p>Les commandes sans marquage sont livr\u00e9es entre 48 et 72h en envoi normal ou 24 \u00e0 48h en express. Nous pouvons \u00e9galement \u00eatre tr\u00e8s r\u00e9actifs lors de commandes avec marquages et imp\u00e9ratifs \u00e9v\u00e8nementiels.<\/p>\n<p>Toute notre \u00e9quipe est l\u00e0 pour vous aider, \u00a0vous renseigner et r\u00e9pondre au mieux \u00e0 vos attentes et questions.<\/p>\n<p><strong>Vous souhaitez devenir partenaire ?<\/strong> N&rsquo;h\u00e9sitez pas \u00e0 nous contacter afin que nous puissions \u00e9changer ensemble sur le sujet.<\/p>\n<ul>\n<li>Mail : contact@ojm-diffusion.com<\/li>\n<li>Tel : 01 42 42 07 07<\/li>\n<\/ul>\n<p>Nous attendons vos commentaires afin d\u2019enrichir notre blog !<\/p>\n<\/div>\n","protected":false},"excerpt":{"rendered":"<p>Le blog du cadeau publicitaire vous permet de suivre l\u2019actualit\u00e9 des objets publicitaires, les nouvelles tendances, les nouveaux articles promotionnels.\u00a0Vous trouverez \u00e9galement toutes les informations indispensables concernant les techniques de marquage et le choix de l\u2019objet publicitaire en fonction de l&rsquo;impression et du type d\u2019op\u00e9rations marketing. Sur le blog du cadeau publicitaire, vous pourrez vous &hellip; <a href=\"http:\/\/www.ojm-diffusion.com\/blog\/\" class=\"more-link\">Continuer la lecture de <span class=\"screen-reader-text\">Toutes les actualit\u00e9s des goodies et des objets personnalis\u00e9s<\/span> <span class=\"meta-nav\">&rarr;<\/span><\/a><\/p>\n","protected":false},"author":1,"featured_media":2080,"parent":0,"menu_order":0,"comment_status":"open","ping_status":"open","template":"","meta":[],"yoast_head":"<!-- This site is optimized with the Yoast SEO plugin v20.13 - https:\/\/yoast.com\/wordpress\/plugins\/seo\/ -->\n<title>Le blog du cadeau publicitaire - OJM Diffusion<\/title>\n<meta name=\"description\" content=\"D\u00e9couvrez le blog du cadeau publicitaire aliment\u00e9 par OJM Diffusion. Retrouvez, chaque semaine, de nombreuses astuces ainsi que les conseils d&#039;OJM Diffusion\" \/>\n<meta name=\"robots\" content=\"index, follow, max-snippet:-1, max-image-preview:large, max-video-preview:-1\" \/>\n<link rel=\"canonical\" href=\"https:\/\/www.ojm-diffusion.com\/blog\/\" \/>\n<meta property=\"og:locale\" content=\"fr_FR\" \/>\n<meta property=\"og:type\" content=\"article\" \/>\n<meta property=\"og:title\" content=\"Le blog du cadeau publicitaire - OJM Diffusion\" \/>\n<meta property=\"og:description\" content=\"D\u00e9couvrez le blog du cadeau publicitaire aliment\u00e9 par OJM Diffusion. Retrouvez, chaque semaine, de nombreuses astuces ainsi que les conseils d&#039;OJM Diffusion\" \/>\n<meta property=\"og:url\" content=\"https:\/\/www.ojm-diffusion.com\/blog\/\" \/>\n<meta property=\"og:site_name\" content=\"Le blog de l&#039;objet publicitaire\" \/>\n<meta property=\"article:publisher\" content=\"https:\/\/www.facebook.com\/OJM-Diffusion-444576762394554\/?ref=hl\" \/>\n<meta property=\"article:modified_time\" content=\"2021-04-30T20:51:29+00:00\" \/>\n<meta property=\"og:image\" content=\"https:\/\/www.ojm-diffusion.com\/blog\/wp-content\/uploads\/2009\/02\/Cadeaux-daffaires.jpg\" \/>\n\t<meta property=\"og:image:width\" content=\"800\" \/>\n\t<meta property=\"og:image:height\" content=\"230\" \/>\n\t<meta property=\"og:image:type\" content=\"image\/jpeg\" \/>\n<meta name=\"twitter:card\" content=\"summary_large_image\" \/>\n<meta name=\"twitter:site\" content=\"@OJMdiffusion\" \/>\n<meta name=\"twitter:label1\" content=\"Dur\u00e9e de lecture estim\u00e9e\" \/>\n\t<meta name=\"twitter:data1\" content=\"2 minutes\" \/>\n<script type=\"application\/ld+json\" class=\"yoast-schema-graph\">{\"@context\":\"https:\/\/schema.org\",\"@graph\":[{\"@type\":\"WebPage\",\"@id\":\"https:\/\/www.ojm-diffusion.com\/blog\/\",\"url\":\"https:\/\/www.ojm-diffusion.com\/blog\/\",\"name\":\"Le blog du cadeau publicitaire - OJM Diffusion\",\"isPartOf\":{\"@id\":\"https:\/\/www.ojm-diffusion.com\/blog\/#website\"},\"datePublished\":\"2009-02-02T15:56:20+00:00\",\"dateModified\":\"2021-04-30T20:51:29+00:00\",\"description\":\"D\u00e9couvrez le blog du cadeau publicitaire aliment\u00e9 par OJM Diffusion. Retrouvez, chaque semaine, de nombreuses astuces ainsi que les conseils d'OJM Diffusion\",\"breadcrumb\":{\"@id\":\"https:\/\/www.ojm-diffusion.com\/blog\/#breadcrumb\"},\"inLanguage\":\"fr-FR\",\"potentialAction\":[{\"@type\":\"ReadAction\",\"target\":[\"https:\/\/www.ojm-diffusion.com\/blog\/\"]}]},{\"@type\":\"BreadcrumbList\",\"@id\":\"https:\/\/www.ojm-diffusion.com\/blog\/#breadcrumb\",\"itemListElement\":[{\"@type\":\"ListItem\",\"position\":1,\"name\":\"Accueil\",\"item\":\"https:\/\/www.ojm-diffusion.com\/blog\/\"},{\"@type\":\"ListItem\",\"position\":2,\"name\":\"Toutes les actualit\u00e9s des goodies et des objets personnalis\u00e9s\"}]},{\"@type\":\"WebSite\",\"@id\":\"https:\/\/www.ojm-diffusion.com\/blog\/#website\",\"url\":\"https:\/\/www.ojm-diffusion.com\/blog\/\",\"name\":\"Le blog de l&#039;objet publicitaire\",\"description\":\"D\u00e9couvrez les derni\u00e8res tendances et l&#039;actualit\u00e9 de la communication par l&#039;objet !\",\"potentialAction\":[{\"@type\":\"SearchAction\",\"target\":{\"@type\":\"EntryPoint\",\"urlTemplate\":\"https:\/\/www.ojm-diffusion.com\/blog\/?s={search_term_string}\"},\"query-input\":\"required name=search_term_string\"}],\"inLanguage\":\"fr-FR\"}]}<\/script>\n<!-- \/ Yoast SEO plugin. -->","yoast_head_json":{"title":"Le blog du cadeau publicitaire - OJM Diffusion","description":"D\u00e9couvrez le blog du cadeau publicitaire aliment\u00e9 par OJM Diffusion. Retrouvez, chaque semaine, de nombreuses astuces ainsi que les conseils d'OJM Diffusion","robots":{"index":"index","follow":"follow","max-snippet":"max-snippet:-1","max-image-preview":"max-image-preview:large","max-video-preview":"max-video-preview:-1"},"canonical":"https:\/\/www.ojm-diffusion.com\/blog\/","og_locale":"fr_FR","og_type":"article","og_title":"Le blog du cadeau publicitaire - OJM Diffusion","og_description":"D\u00e9couvrez le blog du cadeau publicitaire aliment\u00e9 par OJM Diffusion. Retrouvez, chaque semaine, de nombreuses astuces ainsi que les conseils d'OJM Diffusion","og_url":"https:\/\/www.ojm-diffusion.com\/blog\/","og_site_name":"Le blog de l&#039;objet publicitaire","article_publisher":"https:\/\/www.facebook.com\/OJM-Diffusion-444576762394554\/?ref=hl","article_modified_time":"2021-04-30T20:51:29+00:00","og_image":[{"width":800,"height":230,"url":"https:\/\/www.ojm-diffusion.com\/blog\/wp-content\/uploads\/2009\/02\/Cadeaux-daffaires.jpg","type":"image\/jpeg"}],"twitter_card":"summary_large_image","twitter_site":"@OJMdiffusion","twitter_misc":{"Dur\u00e9e de lecture estim\u00e9e":"2 minutes"},"schema":{"@context":"https:\/\/schema.org","@graph":[{"@type":"WebPage","@id":"https:\/\/www.ojm-diffusion.com\/blog\/","url":"https:\/\/www.ojm-diffusion.com\/blog\/","name":"Le blog du cadeau publicitaire - OJM Diffusion","isPartOf":{"@id":"https:\/\/www.ojm-diffusion.com\/blog\/#website"},"datePublished":"2009-02-02T15:56:20+00:00","dateModified":"2021-04-30T20:51:29+00:00","description":"D\u00e9couvrez le blog du cadeau publicitaire aliment\u00e9 par OJM Diffusion. Retrouvez, chaque semaine, de nombreuses astuces ainsi que les conseils d'OJM Diffusion","breadcrumb":{"@id":"https:\/\/www.ojm-diffusion.com\/blog\/#breadcrumb"},"inLanguage":"fr-FR","potentialAction":[{"@type":"ReadAction","target":["https:\/\/www.ojm-diffusion.com\/blog\/"]}]},{"@type":"BreadcrumbList","@id":"https:\/\/www.ojm-diffusion.com\/blog\/#breadcrumb","itemListElement":[{"@type":"ListItem","position":1,"name":"Accueil","item":"https:\/\/www.ojm-diffusion.com\/blog\/"},{"@type":"ListItem","position":2,"name":"Toutes les actualit\u00e9s des goodies et des objets personnalis\u00e9s"}]},{"@type":"WebSite","@id":"https:\/\/www.ojm-diffusion.com\/blog\/#website","url":"https:\/\/www.ojm-diffusion.com\/blog\/","name":"Le blog de l&#039;objet publicitaire","description":"D\u00e9couvrez les derni\u00e8res tendances et l&#039;actualit\u00e9 de la communication par l&#039;objet !","potentialAction":[{"@type":"SearchAction","target":{"@type":"EntryPoint","urlTemplate":"https:\/\/www.ojm-diffusion.com\/blog\/?s={search_term_string}"},"query-input":"required name=search_term_string"}],"inLanguage":"fr-FR"}]}},"_links":{"self":[{"href":"http:\/\/www.ojm-diffusion.com\/blog\/wp-json\/wp\/v2\/pages\/2"}],"collection":[{"href":"http:\/\/www.ojm-diffusion.com\/blog\/wp-json\/wp\/v2\/pages"}],"about":[{"href":"http:\/\/www.ojm-diffusion.com\/blog\/wp-json\/wp\/v2\/types\/page"}],"author":[{"embeddable":true,"href":"http:\/\/www.ojm-diffusion.com\/blog\/wp-json\/wp\/v2\/users\/1"}],"replies":[{"embeddable":true,"href":"http:\/\/www.ojm-diffusion.com\/blog\/wp-json\/wp\/v2\/comments?post=2"}],"version-history":[{"count":12,"href":"http:\/\/www.ojm-diffusion.com\/blog\/wp-json\/wp\/v2\/pages\/2\/revisions"}],"predecessor-version":[{"id":2685,"href":"http:\/\/www.ojm-diffusion.com\/blog\/wp-json\/wp\/v2\/pages\/2\/revisions\/2685"}],"wp:featuredmedia":[{"embeddable":true,"href":"http:\/\/www.ojm-diffusion.com\/blog\/wp-json\/wp\/v2\/media\/2080"}],"wp:attachment":[{"href":"http:\/\/www.ojm-diffusion.com\/blog\/wp-json\/wp\/v2\/media?parent=2"}],"curies":[{"name":"wp","href":"https:\/\/api.w.org\/{rel}","templated":true}]}}